{"id":604,"date":"2017-09-18T19:37:57","date_gmt":"2017-09-18T23:37:57","guid":{"rendered":"https:\/\/www.caaplanaudiere.com\/?page_id=604"},"modified":"2022-09-01T09:42:40","modified_gmt":"2022-09-01T13:42:40","slug":"links","status":"publish","type":"page","link":"https:\/\/www.caaplanaudiere.com\/en\/links\/","title":{"rendered":"Useful Links"},"content":{"rendered":"<p>[et_pb_section fb_built=&#8221;1&#8243; _builder_version=&#8221;3.0.105&#8243;][et_pb_row _builder_version=&#8221;3.0.105&#8243; background_size=&#8221;initial&#8221; background_position=&#8221;top_left&#8221; background_repeat=&#8221;repeat&#8221;][et_pb_column type=&#8221;1_2&#8243; _builder_version=&#8221;3.0.47&#8243; parallax=&#8221;off&#8221; parallax_method=&#8221;on&#8221;][et_pb_text _builder_version=&#8221;3.0.105&#8243; border_style=&#8221;solid&#8221;]<\/p>\n<h2><strong><span lang=\"EN-US\" style=\"color: #c61e21;\">CAAPs in Quebec<\/span><\/strong><\/h2>\n<blockquote>\n<h3><strong><span lang=\"EN-US\" style=\"color: #c61e21;\">One toll-free number: 1-877-767-2227<\/span><\/strong><\/h3>\n<\/blockquote>\n<p><span style=\"color: #c61e21;\"><strong><a href=\"http:\/\/www.caapat.com\/\" target=\"_blank\" rel=\"noopener noreferrer\" style=\"color: #c61e21;\">CAAP \u2013 Abitibi-T\u00e9miscamingue<\/a><\/strong><\/span><\/p>\n<p><span style=\"color: #c61e21;\"><strong><a href=\"http:\/\/www.caapbsl.org\/\" target=\"_blank\" rel=\"noopener noreferrer\" style=\"color: #c61e21;\">CAAP \u2013 Bas-Saint-Laurent<\/a><\/strong><strong><\/strong><\/span><\/p>\n<p><span style=\"color: #c61e21;\"><strong><a href=\"http:\/\/www.caap-capitalenationale.org\/\" target=\"_blank\" rel=\"noopener noreferrer\" style=\"color: #c61e21;\">CAAP \u2013 Capitale <\/a><a href=\"http:\/\/www.caapgim.com\/\" target=\"_blank\" rel=\"noopener noreferrer\" style=\"color: #c61e21;\">\u2013 N<\/a><a href=\"http:\/\/www.caapca.ca\/\" target=\"_blank\" rel=\"noopener noreferrer\" style=\"color: #c61e21;\">ationale<\/a><\/strong><strong><\/strong><\/span><\/p>\n<p><span style=\"color: #c61e21;\"><strong><a href=\"http:\/\/caapca.ca\/\" target=\"_blank\" rel=\"noopener noreferrer\" style=\"color: #c61e21;\">CAAP \u2013 Chaudi\u00e8re-Appalaches<\/a><\/strong><\/span><\/p>\n<p><span style=\"color: #c61e21;\"><strong><a href=\"http:\/\/www.caap-cn.org\/\" target=\"_blank\" rel=\"noopener noreferrer\" style=\"color: #c61e21;\">CAAP \u2013 C\u00f4te-Nord<\/a><\/strong><\/span><\/p>\n<p><span style=\"color: #c61e21;\"><strong><a href=\"http:\/\/www.caapestrie.org\/\" target=\"_blank\" rel=\"noopener noreferrer\" style=\"color: #c61e21;\">CAAP \u2013 Estrie<\/a><\/strong><strong><\/strong><\/span><\/p>\n<p><span style=\"color: #c61e21;\"><strong><a href=\"http:\/\/www.caapgim.com\/\" target=\"_blank\" rel=\"noopener noreferrer\" style=\"color: #c61e21;\">CAAP \u2013 Gasp\u00e9sie \u2013 \u00celes-de-la-Madeleine<\/a><\/strong><strong><\/strong><\/span><\/p>\n<p><span style=\"color: #c61e21;\"><strong><a href=\"http:\/\/www.caapidm.ca\/\" target=\"_blank\" rel=\"noopener noreferrer\" style=\"color: #c61e21;\">CAAP \u2013 \u00cele de Montr\u00e9al<\/a><\/strong><\/span><\/p>\n<p><span style=\"color: #c61e21;\"><strong><a href=\"https:\/\/www.caaplanaudiere.com\/\" target=\"_blank\" rel=\"noopener noreferrer\" style=\"color: #c61e21;\">CAAP \u2013 Lanaudi\u00e8re <\/a><\/strong><\/span><br \/><span style=\"color: #c61e21;\"><strong><a href=\"http:\/\/www.caaplaurentides.org\/\" target=\"_blank\" rel=\"noopener\" style=\"color: #c61e21;\"><\/a><\/strong><\/span><\/p>\n<p><span style=\"color: #c61e21;\"><strong><a href=\"http:\/\/www.caaplaurentides.org\/\" target=\"_blank\" rel=\"noopener\" style=\"color: #c61e21;\">CAAP \u2013 Laurentides<\/a><\/strong><\/span><br \/><span style=\"color: #c61e21;\"><strong><a href=\"http:\/\/www.caapmonteregie.ca\/\" target=\"_blank\" rel=\"noopener\" style=\"color: #c61e21;\"><\/a><\/strong><\/span><\/p>\n<p><span style=\"color: #c61e21;\"><strong><a href=\"http:\/\/www.caaplaval.com\/\" target=\"_blank\" rel=\"noopener noreferrer\" style=\"color: #c61e21;\">CAAP \u2013 Laval<\/a><\/strong><\/span><\/p>\n<p><span style=\"color: #c61e21;\"><strong><a href=\"http:\/\/www.caap-mcq.qc.ca\/\" target=\"_blank\" rel=\"noopener noreferrer\" style=\"color: #c61e21;\">CAAP \u2013 Mauricie\/Centre-du-Qu\u00e9bec<\/a><\/strong><\/span><\/p>\n<p><span style=\"color: #c61e21;\"><strong><a href=\"http:\/\/caapmonteregie.ca\/\" target=\"_blank\" rel=\"noopener noreferrer\" style=\"color: #c61e21;\">CAAP \u2013 Mont\u00e9r\u00e9gie<\/a><\/strong><\/span><br \/><span style=\"color: #c61e21;\"><strong><a href=\"http:\/\/www.fcaap.ca\/\" target=\"_blank\" rel=\"noopener\" style=\"color: #c61e21;\"><\/a><\/strong><\/span><\/p>\n<p><span style=\"color: #c61e21;\"><strong><a href=\"http:\/\/www.caapjamesie.com\/\" target=\"_blank\" rel=\"noopener noreferrer\" style=\"color: #c61e21;\">CAAP \u2013 Nord-du-Qu\u00e9bec (Jam\u00e9sie)<\/a><\/strong><\/span><\/p>\n<p><span style=\"color: #c61e21;\"><strong><a href=\"http:\/\/www.caap-outaouais.ca\/\" target=\"_blank\" rel=\"noopener noreferrer\" style=\"color: #c61e21;\">CAAP \u2013 Outaouais<\/a><\/strong><\/span><\/p>\n<p><span style=\"color: #c61e21;\"><strong><a href=\"http:\/\/www.plaintesante.ca\/\" target=\"_blank\" rel=\"noopener noreferrer\" style=\"color: #c61e21;\">CAAP \u2013 Saguenay Lac-Saint-Jean<\/a><\/strong><\/span><\/p>\n<p><span style=\"color: #c61e21;\"><strong><a href=\"http:\/\/www.fcaap.ca\/\" target=\"_blank\" rel=\"noopener noreferrer\" style=\"color: #c61e21;\">F\u00e9d\u00e9ration des CAAP (FCAAP)<\/a><\/strong><\/span><\/p>\n<p><strong><span style=\"color: #c61e21;\"><\/span><\/strong><\/p>\n<h3><span lang=\"EN-US\">Some community organizations<\/span><\/h3>\n<p><a href=\"https:\/\/www.aqdr-quebec.org\" target=\"_blank\" rel=\"noopener\">Association qu\u00e9b\u00e9coise de d\u00e9fense des droits des personnes retrait\u00e9es et pr\u00e9retrait\u00e9es (AQDR)<\/a><span style=\"font-size: 16px;\"><\/span><\/p>\n<p>&nbsp;<\/p>\n<p>&nbsp;<\/p>\n<p>[\/et_pb_text][\/et_pb_column][et_pb_column type=&#8221;1_2&#8243; _builder_version=&#8221;3.0.47&#8243; parallax=&#8221;off&#8221; parallax_method=&#8221;on&#8221;][et_pb_text _builder_version=&#8221;3.0.106&#8243;]<\/p>\n<h2><span lang=\"EN-US\">Other resources<\/span><\/h2>\n<p><b><span lang=\"EN-US\">Health Care \u2013 Government<\/span><\/b><span lang=\"EN-US\">\u00a0\u00a0<\/span><\/p>\n<p><a href=\"http:\/\/www.msss.gouv.qc.ca\/en\/\" target=\"_blank\" rel=\"noopener\">Minist\u00e8re de la Sant\u00e9 et des Services sociaux<\/a><\/p>\n<p><a href=\"http:\/\/www.cisss-lanaudiere.gouv.qc.ca\/english\/services-to-the-english-speaking-population\/\" target=\"_blank\" rel=\"noopener\"><span lang=\"EN-US\">Integrated health and social service centre for the Lanaudi\u00e8re Region (CISSS de Lanaudi\u00e8re)<\/span><span lang=\"EN-US\"><br \/> <\/span><\/a><span lang=\"EN-US\">Includes CLSCs, CHSLDs, youth centres, and rehabilitation centres<\/span><span style=\"font-size: 16px;\"><\/span><\/p>\n<p><b><span lang=\"EN-US\">Healthcare \u2013 professionals<\/span><\/b><\/p>\n<p><a href=\"https:\/\/www.acmdp.qc.ca\/\" target=\"_blank\" rel=\"noopener\">Association des conseils des m\u00e9decins, dentistes et pharmaciens du Qu\u00e9bec<\/a><\/p>\n<p><a href=\"http:\/\/www.cmq.org\/home.aspx\" target=\"_blank\" rel=\"noopener\">Coll\u00e8ge des m\u00e9decins du Qu\u00e9bec<\/a><\/p>\n<p><a href=\"https:\/\/www.oiiq.org\/en\/accueil\" target=\"_blank\" rel=\"noopener\">Ordre des infirmiers et infirmi\u00e8res du Qu\u00e9bec<\/a><\/p>\n<p><a href=\"https:\/\/www.ordrepsy.qc.ca\/\" target=\"_blank\" rel=\"noopener\">Ordre des psychologues du Qu\u00e9bec<\/a><\/p>\n<p><a href=\"https:\/\/otstcfq.org\/\" target=\"_blank\" rel=\"noopener\">Ordre des travailleurs sociaux du Qu\u00e9bec<\/a><\/p>\n<p><b><span lang=\"EN-US\">Rights<\/span><\/b><\/p>\n<p><a href=\"http:\/\/www.csj.qc.ca\/commission-des-services-juridiques\/accueil.aspx?lang=en\" target=\"_blank\" rel=\"noopener\">Legal aid \u2013 Commission des services juridiques<\/a><\/p>\n<p><a href=\"http:\/\/www.cdpdj.qc.ca\/en\/Pages\/default.aspx\" target=\"_blank\" rel=\"noopener\">Commission des droits de la personne et des droits de la jeunesse<\/a><\/p>\n<p><a href=\"http:\/\/www.cai.gouv.qc.ca\/english\/\" target=\"_blank\" rel=\"noopener\">Commission d\u2019acc\u00e8s \u00e0 l\u2019information du Qu\u00e9bec<\/a><\/p>\n<p><a href=\"https:\/\/protecteurducitoyen.qc.ca\/en\" target=\"_blank\" rel=\"noopener\"><span lang=\"EN-US\">The Qu\u00e9bec Ombudsman<\/span><\/a><\/p>\n<p><b><span lang=\"EN-US\">Inaptitude<\/span><\/b><\/p>\n<p><a href=\"http:\/\/www.curateur.gouv.qc.ca\/cura\/en\/index.html\" target=\"_blank\" rel=\"noopener\"><span lang=\"EN-US\">Curateur public du Qu\u00e9bec<\/span><\/a><\/p>\n<p><b><span lang=\"EN-US\">Information for citizens<\/span><\/b><\/p>\n<div>\n<p><a href=\"http:\/\/www4.gouv.qc.ca\/EN\/Portail\/Citoyens\/Pages\/accueil.aspx\" target=\"_blank\" rel=\"noopener\"><span lang=\"EN-US\">Services Qu\u00e9bec<\/span><\/a><\/p>\n<\/div>\n<p>&nbsp;<\/p>\n<p>[\/et_pb_text][\/et_pb_column][\/et_pb_row][\/et_pb_section]<\/p>\n","protected":false},"excerpt":{"rendered":"<p>CAAPs in Quebec One toll-free number: 1-877-767-2227 CAAP \u2013 Abitibi-T\u00e9miscamingue CAAP \u2013 Bas-Saint-Laurent CAAP \u2013 Capitale \u2013 Nationale CAAP \u2013 Chaudi\u00e8re-Appalaches CAAP \u2013 C\u00f4te-Nord CAAP \u2013 Estrie CAAP \u2013 Gasp\u00e9sie \u2013 \u00celes-de-la-Madeleine CAAP \u2013 \u00cele de Montr\u00e9al CAAP \u2013 Lanaudi\u00e8re CAAP \u2013 Laurentides CAAP \u2013 Laval CAAP \u2013 Mauricie\/Centre-du-Qu\u00e9bec CAAP \u2013 Mont\u00e9r\u00e9gie CAAP \u2013 Nord-du-Qu\u00e9bec [&hellip;]<\/p>\n","protected":false},"author":2,"featured_media":0,"parent":0,"menu_order":7,"comment_status":"closed","ping_status":"closed","template":"","meta":{"_et_pb_use_builder":"on","_et_pb_old_content":"","_et_gb_content_width":"","footnotes":""},"class_list":["post-604","page","type-page","status-publish","hentry"],"_links":{"self":[{"href":"https:\/\/www.caaplanaudiere.com\/en\/wp-json\/wp\/v2\/pages\/604","targetHints":{"allow":["GET"]}}],"collection":[{"href":"https:\/\/www.caaplanaudiere.com\/en\/wp-json\/wp\/v2\/pages"}],"about":[{"href":"https:\/\/www.caaplanaudiere.com\/en\/wp-json\/wp\/v2\/types\/page"}],"author":[{"embeddable":true,"href":"https:\/\/www.caaplanaudiere.com\/en\/wp-json\/wp\/v2\/users\/2"}],"replies":[{"embeddable":true,"href":"https:\/\/www.caaplanaudiere.com\/en\/wp-json\/wp\/v2\/comments?post=604"}],"version-history":[{"count":24,"href":"https:\/\/www.caaplanaudiere.com\/en\/wp-json\/wp\/v2\/pages\/604\/revisions"}],"predecessor-version":[{"id":2053,"href":"https:\/\/www.caaplanaudiere.com\/en\/wp-json\/wp\/v2\/pages\/604\/revisions\/2053"}],"wp:attachment":[{"href":"https:\/\/www.caaplanaudiere.com\/en\/wp-json\/wp\/v2\/media?parent=604"}],"curies":[{"name":"wp","href":"https:\/\/api.w.org\/{rel}","templated":true}]}}